{"id":539,"date":"2025-09-11T19:13:50","date_gmt":"2025-09-11T19:13:50","guid":{"rendered":"https:\/\/inversorescti.es\/var\/www\/vhosts\/inversorescti.eshttpdocs\/?page_id=539"},"modified":"2025-10-23T15:18:29","modified_gmt":"2025-10-23T15:18:29","slug":"servicios","status":"publish","type":"page","link":"https:\/\/inversorescti.es\/var\/www\/vhosts\/inversorescti.eshttpdocs\/servicios\/","title":{"rendered":"Servicios"},"content":{"rendered":"<h2>Nuestros Servicios inmobiliarios<\/h2>\n<p>En nuestra agencia ubicada en Paseo de Berio, Donostia, ofrecemos una gama completa de servicios inmobiliarios personalizados, pensados para cubrir todas las necesidades de nuestros clientes, ya sean particulares, propietarios o inversores. Te ayudamos a vender tu inmueble, sea un trastero, garaje, piso, local, edificio u hotel. Nos encargamos de todo.<\/p>\n<p>\t\t\t\t\t\t\t\t<a role=\"button\"><br \/>\n\t\t\t\t\t\t\t\t\tCotiza tu Inmueble<br \/>\n\t\t\t\t\t<\/a><\/p>\n<p>Servicio Personalizado <strong>para cada Cliente<\/strong><\/p>\n<p>Nuestra diferencia est\u00e1 en el trato cercano. Te acompa\u00f1amos desde el primer momento hasta la firma en notar\u00eda, pasando por visitas, selecci\u00f3n de clientes, b\u00fasqueda de hipoteca, asesoramiento fiscal, redacci\u00f3n de contratos ajustados a ley, y hasta la obtenci\u00f3n del certificado energ\u00e9tico. Nos encargamos de todo.<\/p>\n<p>\t\t\t\t\t<button id=\"e-n-tab-title-13964814621\" aria-selected=\"true\" data-tab-index=\"1\" role=\"tab\" tabindex=\"0\" aria-controls=\"e-n-tab-content-13964814621\" style=\"--n-tabs-title-order: 1;\"><br \/>\n\t\t\t\tAlquileres<br \/>\n\t\t<\/button><\/p>\n<figure><img loading=\"lazy\" decoding=\"async\" width=\"587\" height=\"321\" src=\"https:\/\/inversorescti.es\/var\/www\/vhosts\/inversorescti.eshttpdocs\/wp-content\/uploads\/2025\/09\/alquiler-viviendas-beneficios-fiscales-e1758208454712.png\" alt=\"\" \/><\/figure>\n<h3>Gesti\u00f3n integral de alquileres<\/h3>\n<p>\u201cNos encargamos de todo: desde la promoci\u00f3n del inmueble hasta la firma del contrato.\u201d<\/p>\n<p>\t\t\t\t\t\t\t\t\t\t<a href=\"\/contacto\/\"><br \/>\n\t\t\t\t\t\t\t\t\tContratar<br \/>\n\t\t\t\t\t<\/a><\/p>\n<figure><img loading=\"lazy\" decoding=\"async\" width=\"1920\" height=\"1080\" src=\"https:\/\/inversorescti.es\/var\/www\/vhosts\/inversorescti.eshttpdocs\/wp-content\/uploads\/2025\/09\/1-2.jpg\" alt=\"\" \/><\/figure>\n<h3>Selecci\u00f3n de inquilinos<\/h3>\n<p>\u201cTe garantizamos inquilinos fiables mediante un riguroso proceso de evaluaci\u00f3n.\u201d<\/p>\n<p>\t\t\t\t\t\t\t\t\t\t<a href=\"\/contacto\/\"><br \/>\n\t\t\t\t\t\t\t\t\tContratar<br \/>\n\t\t\t\t\t<\/a><\/p>\n<figure><img loading=\"lazy\" decoding=\"async\" width=\"1280\" height=\"720\" src=\"https:\/\/inversorescti.es\/var\/www\/vhosts\/inversorescti.eshttpdocs\/wp-content\/uploads\/2025\/09\/2-1.webp\" alt=\"\" \/><\/figure>\n<h3>Administraci\u00f3n post-alquiler<\/h3>\n<p>\u201cSupervisamos pagos, incidencias y mantenimiento para tu tranquilidad.\u201d<\/p>\n<p>\t\t\t\t\t\t\t\t\t\t<a href=\"\/contacto\/\"><br \/>\n\t\t\t\t\t\t\t\t\tContratar<br \/>\n\t\t\t\t\t<\/a><\/p>\n<figure><img loading=\"lazy\" decoding=\"async\" width=\"587\" height=\"321\" src=\"https:\/\/inversorescti.es\/var\/www\/vhosts\/inversorescti.eshttpdocs\/wp-content\/uploads\/2025\/09\/alquiler-viviendas-beneficios-fiscales-e1758208454712.png\" alt=\"\" \/><\/figure>\n<h3>Gesti\u00f3n integral de alquileres<\/h3>\n<p>\u201cNos encargamos de todo: desde la promoci\u00f3n del inmueble hasta la firma del contrato.\u201d<\/p>\n<p>\t\t\t\t\t\t\t\t\t\t<a href=\"\/contacto\/\"><br \/>\n\t\t\t\t\t\t\t\t\tContratar<br \/>\n\t\t\t\t\t<\/a><\/p>\n<figure><img loading=\"lazy\" decoding=\"async\" width=\"1920\" height=\"1080\" src=\"https:\/\/inversorescti.es\/var\/www\/vhosts\/inversorescti.eshttpdocs\/wp-content\/uploads\/2025\/09\/1-2.jpg\" alt=\"\" \/><\/figure>\n<h3>Selecci\u00f3n de inquilinos<\/h3>\n<p>\u201cTe garantizamos inquilinos fiables mediante un riguroso proceso de evaluaci\u00f3n.\u201d<\/p>\n<p>\t\t\t\t\t\t\t\t\t\t<a href=\"\/contacto\/\"><br \/>\n\t\t\t\t\t\t\t\t\tContratar<br \/>\n\t\t\t\t\t<\/a><\/p>\n<figure><img loading=\"lazy\" decoding=\"async\" width=\"1280\" height=\"720\" src=\"https:\/\/inversorescti.es\/var\/www\/vhosts\/inversorescti.eshttpdocs\/wp-content\/uploads\/2025\/09\/2-1.webp\" alt=\"\" \/><\/figure>\n<h3>Administraci\u00f3n post-alquiler<\/h3>\n<p>\u201cSupervisamos pagos, incidencias y mantenimiento para tu tranquilidad.\u201d<\/p>\n<p>\t\t\t\t\t\t\t\t\t\t<a href=\"\/contacto\/\"><br \/>\n\t\t\t\t\t\t\t\t\tContratar<br \/>\n\t\t\t\t\t<\/a><br \/>\n\t\t\t\t\t<button id=\"e-n-tab-title-937143281\" aria-selected=\"true\" data-tab-index=\"1\" role=\"tab\" tabindex=\"0\" aria-controls=\"e-n-tab-content-937143281\" style=\"--n-tabs-title-order: 1;\"><br \/>\n\t\t\t\tCompra Venta<br \/>\n\t\t<\/button><\/p>\n<figure><img loading=\"lazy\" decoding=\"async\" width=\"1024\" height=\"585\" src=\"https:\/\/inversorescti.es\/var\/www\/vhosts\/inversorescti.eshttpdocs\/wp-content\/uploads\/2025\/09\/valoracion-inmuebles-1024x641-1-e1758208610211.png\" alt=\"\" \/><\/figure>\n<h3>Valoraci\u00f3n de inmuebles<\/h3>\n<p>\u201cTasaciones precisas para asegurar que vendas o compres al precio justo.\u201d<\/p>\n<p>\t\t\t\t\t\t\t\t\t\t<a href=\"\/contacto\/\"><br \/>\n\t\t\t\t\t\t\t\t\tContratar<br \/>\n\t\t\t\t\t<\/a><\/p>\n<figure><img loading=\"lazy\" decoding=\"async\" width=\"840\" height=\"472\" src=\"https:\/\/inversorescti.es\/var\/www\/vhosts\/inversorescti.eshttpdocs\/wp-content\/uploads\/2025\/09\/1645.jpg\" alt=\"\" \/><\/figure>\n<h3>Promoci\u00f3n y marketing inmobiliario<\/h3>\n<p>\u201cVisibilidad m\u00e1xima de tu propiedad en los mejores canales.\u201d<\/p>\n<p>\t\t\t\t\t\t\t\t\t\t<a href=\"\/contacto\/\"><br \/>\n\t\t\t\t\t\t\t\t\tContratar<br \/>\n\t\t\t\t\t<\/a><\/p>\n<figure><img loading=\"lazy\" decoding=\"async\" width=\"1200\" height=\"630\" src=\"https:\/\/inversorescti.es\/var\/www\/vhosts\/inversorescti.eshttpdocs\/wp-content\/uploads\/2025\/09\/imajen_3.jpg\" alt=\"\" \/><\/figure>\n<h3>Acompa\u00f1amiento en la compraventa<\/h3>\n<p>\u201cTe guiamos en cada paso, desde la negociaci\u00f3n hasta la firma final.\u201d<\/p>\n<p>\t\t\t\t\t\t\t\t\t\t<a href=\"\/contacto\/\"><br \/>\n\t\t\t\t\t\t\t\t\tContratar<br \/>\n\t\t\t\t\t<\/a><\/p>\n<figure><img loading=\"lazy\" decoding=\"async\" width=\"1024\" height=\"585\" src=\"https:\/\/inversorescti.es\/var\/www\/vhosts\/inversorescti.eshttpdocs\/wp-content\/uploads\/2025\/09\/valoracion-inmuebles-1024x641-1-e1758208610211.png\" alt=\"\" \/><\/figure>\n<h3>Valoraci\u00f3n de inmuebles<\/h3>\n<p>\u201cTasaciones precisas para asegurar que vendas o compres al precio justo.\u201d<\/p>\n<p>\t\t\t\t\t\t\t\t\t\t<a href=\"\/contacto\/\"><br \/>\n\t\t\t\t\t\t\t\t\tContratar<br \/>\n\t\t\t\t\t<\/a><\/p>\n<figure><img loading=\"lazy\" decoding=\"async\" width=\"840\" height=\"472\" src=\"https:\/\/inversorescti.es\/var\/www\/vhosts\/inversorescti.eshttpdocs\/wp-content\/uploads\/2025\/09\/1645.jpg\" alt=\"\" \/><\/figure>\n<h3>Promoci\u00f3n y marketing inmobiliario<\/h3>\n<p>\u201cVisibilidad m\u00e1xima de tu propiedad en los mejores canales.\u201d<\/p>\n<p>\t\t\t\t\t\t\t\t\t\t<a href=\"\/contacto\/\"><br \/>\n\t\t\t\t\t\t\t\t\tContratar<br \/>\n\t\t\t\t\t<\/a><\/p>\n<figure><img loading=\"lazy\" decoding=\"async\" width=\"1200\" height=\"630\" src=\"https:\/\/inversorescti.es\/var\/www\/vhosts\/inversorescti.eshttpdocs\/wp-content\/uploads\/2025\/09\/imajen_3.jpg\" alt=\"\" \/><\/figure>\n<h3>Acompa\u00f1amiento en la compraventa<\/h3>\n<p>\u201cTe guiamos en cada paso, desde la negociaci\u00f3n hasta la firma final.\u201d<\/p>\n<p>\t\t\t\t\t\t\t\t\t\t<a href=\"\/contacto\/\"><br \/>\n\t\t\t\t\t\t\t\t\tContratar<br \/>\n\t\t\t\t\t<\/a><br \/>\n\t\t\t\t\t<button id=\"e-n-tab-title-2387325371\" aria-selected=\"true\" data-tab-index=\"1\" role=\"tab\" tabindex=\"0\" aria-controls=\"e-n-tab-content-2387325371\" style=\"--n-tabs-title-order: 1;\"><br \/>\n\t\t\t\tAsesor\u00eda<br \/>\n\t\t<\/button><\/p>\n<figure><img loading=\"lazy\" decoding=\"async\" width=\"1024\" height=\"684\" src=\"https:\/\/inversorescti.es\/var\/www\/vhosts\/inversorescti.eshttpdocs\/wp-content\/uploads\/2025\/09\/000003.jpg\" alt=\"\" \/><\/figure>\n<h3>Asesor\u00eda legal y fiscal<\/h3>\n<p>\u201cResolvemos tus dudas jur\u00eddicas y fiscales para operaciones sin riesgos.\u201d<\/p>\n<p>\t\t\t\t\t\t\t\t\t\t<a href=\"\/contacto\/\"><br \/>\n\t\t\t\t\t\t\t\t\tContratar<br \/>\n\t\t\t\t\t<\/a><\/p>\n<figure><img loading=\"lazy\" decoding=\"async\" width=\"600\" height=\"400\" src=\"https:\/\/inversorescti.es\/var\/www\/vhosts\/inversorescti.eshttpdocs\/wp-content\/uploads\/2025\/09\/000002.jpg\" alt=\"\" \/><\/figure>\n<h3>Optimizaci\u00f3n de inversi\u00f3n<\/h3>\n<p>\u201cTe ayudamos a maximizar la rentabilidad de tus activos.\u201d<\/p>\n<p>\t\t\t\t\t\t\t\t\t\t<a href=\"\/contacto\/\"><br \/>\n\t\t\t\t\t\t\t\t\tContratar<br \/>\n\t\t\t\t\t<\/a><\/p>\n<figure><img loading=\"lazy\" decoding=\"async\" width=\"1024\" height=\"683\" src=\"https:\/\/inversorescti.es\/var\/www\/vhosts\/inversorescti.eshttpdocs\/wp-content\/uploads\/2025\/09\/00001.webp\" alt=\"\" \/><\/figure>\n<h3>Gesti\u00f3n documental<\/h3>\n<p>\u201cNos ocupamos de contratos, escrituras y tr\u00e1mites para que no pierdas tiempo.\u201d<\/p>\n<p>\t\t\t\t\t\t\t\t\t\t<a href=\"\/contacto\/\"><br \/>\n\t\t\t\t\t\t\t\t\tContratar<br \/>\n\t\t\t\t\t<\/a><\/p>\n<figure><img loading=\"lazy\" decoding=\"async\" width=\"1024\" height=\"684\" src=\"https:\/\/inversorescti.es\/var\/www\/vhosts\/inversorescti.eshttpdocs\/wp-content\/uploads\/2025\/09\/000003.jpg\" alt=\"\" \/><\/figure>\n<h3>Asesor\u00eda legal y fiscal<\/h3>\n<p>\u201cResolvemos tus dudas jur\u00eddicas y fiscales para operaciones sin riesgos.\u201d<\/p>\n<p>\t\t\t\t\t\t\t\t\t\t<a href=\"\/contacto\/\"><br \/>\n\t\t\t\t\t\t\t\t\tContratar<br \/>\n\t\t\t\t\t<\/a><\/p>\n<figure><img loading=\"lazy\" decoding=\"async\" width=\"600\" height=\"400\" src=\"https:\/\/inversorescti.es\/var\/www\/vhosts\/inversorescti.eshttpdocs\/wp-content\/uploads\/2025\/09\/000002.jpg\" alt=\"\" \/><\/figure>\n<h3>Optimizaci\u00f3n de inversi\u00f3n<\/h3>\n<p>\u201cTe ayudamos a maximizar la rentabilidad de tus activos.\u201d<\/p>\n<p>\t\t\t\t\t\t\t\t\t\t<a href=\"\/contacto\/\"><br \/>\n\t\t\t\t\t\t\t\t\tContratar<br \/>\n\t\t\t\t\t<\/a><\/p>\n<figure><img loading=\"lazy\" decoding=\"async\" width=\"1024\" height=\"683\" src=\"https:\/\/inversorescti.es\/var\/www\/vhosts\/inversorescti.eshttpdocs\/wp-content\/uploads\/2025\/09\/00001.webp\" alt=\"\" \/><\/figure>\n<h3>Gesti\u00f3n documental<\/h3>\n<p>\u201cNos ocupamos de contratos, escrituras y tr\u00e1mites para que no pierdas tiempo.\u201d<\/p>\n<p>\t\t\t\t\t\t\t\t\t\t<a href=\"\/contacto\/\"><br \/>\n\t\t\t\t\t\t\t\t\tContratar<br \/>\n\t\t\t\t\t<\/a><\/p>\n<h2>Te regalamos el Certificado energ\u00e9tico<\/h2>\n<p>Pruebe con nosotros durante 2 meses y le regalamos el certificado energ\u00e9tico.<\/p>\n<p>\t\t\t\t\t\t\t\t<a href=\"\/contacto\/\"><br \/>\n\t\t\t\t\t\t\t\t\tCont\u00e1ctanos para m\u00e1s Informaci\u00f3n<br \/>\n\t\t\t\t\t<\/a><br \/>\n\t\t\t\t\t\t\t\t\t\t\t\t\t\t\t\t\t\t\t<img loading=\"lazy\" decoding=\"async\" width=\"2560\" height=\"2000\" src=\"https:\/\/inversorescti.es\/var\/www\/vhosts\/inversorescti.eshttpdocs\/wp-content\/uploads\/2025\/09\/certificado-energetico.1410941753-1-scaled.png\" alt=\"\" srcset=\"https:\/\/inversorescti.es\/var\/www\/vhosts\/inversorescti.eshttpdocs\/wp-content\/uploads\/2025\/09\/certificado-energetico.1410941753-1-scaled.png 2560w, https:\/\/inversorescti.es\/var\/www\/vhosts\/inversorescti.eshttpdocs\/wp-content\/uploads\/2025\/09\/certificado-energetico.1410941753-1-300x234.png 300w, https:\/\/inversorescti.es\/var\/www\/vhosts\/inversorescti.eshttpdocs\/wp-content\/uploads\/2025\/09\/certificado-energetico.1410941753-1-1024x800.png 1024w, https:\/\/inversorescti.es\/var\/www\/vhosts\/inversorescti.eshttpdocs\/wp-content\/uploads\/2025\/09\/certificado-energetico.1410941753-1-768x600.png 768w, https:\/\/inversorescti.es\/var\/www\/vhosts\/inversorescti.eshttpdocs\/wp-content\/uploads\/2025\/09\/certificado-energetico.1410941753-1-1536x1200.png 1536w, https:\/\/inversorescti.es\/var\/www\/vhosts\/inversorescti.eshttpdocs\/wp-content\/uploads\/2025\/09\/certificado-energetico.1410941753-1-2048x1600.png 2048w\" sizes=\"auto, (max-width: 2560px) 100vw, 2560px\" \/><br \/>\n\t\t\t\t+<br \/>\n\t\t\t\t0<\/p>\n<p>Clientes que confiaron en nosotros<\/p>\n<p>\t\t\t\t\t\t\t\t\t\t\t\t\t<img loading=\"lazy\" decoding=\"async\" width=\"800\" height=\"571\" src=\"https:\/\/inversorescti.es\/var\/www\/vhosts\/inversorescti.eshttpdocs\/wp-content\/uploads\/2025\/09\/pngwing.com_-e1758200591115-1024x731.png\" alt=\"\" srcset=\"https:\/\/inversorescti.es\/var\/www\/vhosts\/inversorescti.eshttpdocs\/wp-content\/uploads\/2025\/09\/pngwing.com_-e1758200591115-1024x731.png 1024w, https:\/\/inversorescti.es\/var\/www\/vhosts\/inversorescti.eshttpdocs\/wp-content\/uploads\/2025\/09\/pngwing.com_-e1758200591115-300x214.png 300w, https:\/\/inversorescti.es\/var\/www\/vhosts\/inversorescti.eshttpdocs\/wp-content\/uploads\/2025\/09\/pngwing.com_-e1758200591115-768x549.png 768w, https:\/\/inversorescti.es\/var\/www\/vhosts\/inversorescti.eshttpdocs\/wp-content\/uploads\/2025\/09\/pngwing.com_-e1758200591115.png 1050w\" sizes=\"auto, (max-width: 800px) 100vw, 800px\" \/>\t\t\t\t\t\t\t\t\t\t\t\t\t\t\t\t<\/p>\n<h2>\u00a1Conf\u00eda en CTI INVERSORES para Tu Pr\u00f3xima Transacci\u00f3n Inmobiliaria!<\/h2>\n<p>Si est\u00e1s buscando vender, comprar o alquilar una propiedad , no lo dudes m\u00e1s. Cont\u00e1ctanos hoy mismo y deja que nuestros expertos te gu\u00eden hacia una transacci\u00f3n exitosa. \u00a1Estamos aqu\u00ed para ayudarte a encontrar la mejor soluci\u00f3n para ti!<\/p>\n<p>Ll\u00e1manos al<\/p>\n<p>+34634445597<\/p>\n<p>\t\t\t\t\t\t\t\t<a role=\"button\"><br \/>\n\t\t\t\t\t\t\t\t\tCotiza tu Inmueble<br \/>\n\t\t\t\t\t<\/a><\/p>\n","protected":false},"excerpt":{"rendered":"<p>Nuestros Servicios inmobiliarios En nuestra agencia ubicada en Paseo de Berio, Donostia, ofrecemos una gama completa de servicios inmobiliarios personalizados, pensados para cubrir todas las necesidades de nuestros clientes, ya sean particulares, propietarios o inversores. Te ayudamos a vender tu inmueble, sea un trastero, garaje, piso, local, edificio u hotel. Nos encargamos de todo. Cotiza [&hellip;]<\/p>\n","protected":false},"author":2,"featured_media":0,"parent":0,"menu_order":0,"comment_status":"closed","ping_status":"open","template":"elementor_header_footer","meta":{"footnotes":""},"class_list":["post-539","page","type-page","status-publish","hentry"],"yoast_head":"<!-- This site is optimized with the Yoast SEO plugin v25.9 - https:\/\/yoast.com\/wordpress\/plugins\/seo\/ -->\n<title>Nuestros Servicios de Inmobiliaria en Donostia<\/title>\n<meta name=\"description\" content=\"Nuestros Servicios inmobiliarios En nuestra agencia ubicada en Paseo de Berio, Donostia, ofrecemos una gama completa de servicios inmobiliarios personalizados, pensados para cubrir todas las necesidades de nuestros clientes, ya sean particulares, propietarios o inversores. Te ayudamos a vender tu inmueble, sea un trastero, garaje, piso, local, edificio u hotel. Nos encargamos de todo. Cotiza [&hellip;]\" \/>\n<meta name=\"robots\" content=\"index, follow, max-snippet:-1, max-image-preview:large, max-video-preview:-1\" \/>\n<link rel=\"canonical\" href=\"https:\/\/inversorescti.es\/var\/www\/vhosts\/inversorescti.eshttpdocs\/servicios\/\" \/>\n<meta property=\"og:locale\" content=\"es_ES\" \/>\n<meta property=\"og:type\" content=\"article\" \/>\n<meta property=\"og:title\" content=\"Nuestros Servicios de Inmobiliaria en Donostia\" \/>\n<meta property=\"og:description\" content=\"En nuestra agencia ubicada en Paseo de Berio, Donostia, ofrecemos una gama completa de servicios inmobiliarios personalizados\" \/>\n<meta property=\"og:url\" content=\"https:\/\/inversorescti.es\/var\/www\/vhosts\/inversorescti.eshttpdocs\/servicios\/\" \/>\n<meta property=\"og:site_name\" content=\"CTI Inversores\" \/>\n<meta property=\"article:modified_time\" content=\"2025-10-23T15:18:29+00:00\" \/>\n<meta property=\"og:image\" content=\"https:\/\/inversorescti.es\/var\/www\/vhosts\/inversorescti.eshttpdocs\/wp-content\/uploads\/2025\/09\/alquiler-viviendas-beneficios-fiscales-e1758208454712.png\" \/>\n\t<meta property=\"og:image:width\" content=\"587\" \/>\n\t<meta property=\"og:image:height\" content=\"321\" \/>\n\t<meta property=\"og:image:type\" content=\"image\/png\" \/>\n<meta name=\"twitter:card\" content=\"summary_large_image\" \/>\n<meta name=\"twitter:label1\" content=\"Tiempo de lectura\" \/>\n\t<meta name=\"twitter:data1\" content=\"6 minutos\" \/>\n<script type=\"application\/ld+json\" class=\"yoast-schema-graph\">{\"@context\":\"https:\/\/schema.org\",\"@graph\":[{\"@type\":\"WebPage\",\"@id\":\"https:\/\/inversorescti.es\/var\/www\/vhosts\/inversorescti.eshttpdocs\/servicios\/\",\"url\":\"https:\/\/inversorescti.es\/var\/www\/vhosts\/inversorescti.eshttpdocs\/servicios\/\",\"name\":\"Nuestros Servicios de Inmobiliaria en Donostia\",\"isPartOf\":{\"@id\":\"https:\/\/inversorescti.es\/var\/www\/vhosts\/inversorescti.eshttpdocs\/#website\"},\"primaryImageOfPage\":{\"@id\":\"https:\/\/inversorescti.es\/var\/www\/vhosts\/inversorescti.eshttpdocs\/servicios\/#primaryimage\"},\"image\":{\"@id\":\"https:\/\/inversorescti.es\/var\/www\/vhosts\/inversorescti.eshttpdocs\/servicios\/#primaryimage\"},\"thumbnailUrl\":\"https:\/\/inversorescti.es\/var\/www\/vhosts\/inversorescti.eshttpdocs\/wp-content\/uploads\/2025\/09\/alquiler-viviendas-beneficios-fiscales-e1758208454712.png\",\"datePublished\":\"2025-09-11T19:13:50+00:00\",\"dateModified\":\"2025-10-23T15:18:29+00:00\",\"description\":\"En nuestra agencia ubicada en Paseo de Berio, Donostia, ofrecemos una gama completa de servicios inmobiliarios personalizados\",\"breadcrumb\":{\"@id\":\"https:\/\/inversorescti.es\/var\/www\/vhosts\/inversorescti.eshttpdocs\/servicios\/#breadcrumb\"},\"inLanguage\":\"es\",\"potentialAction\":[{\"@type\":\"ReadAction\",\"target\":[\"https:\/\/inversorescti.es\/var\/www\/vhosts\/inversorescti.eshttpdocs\/servicios\/\"]}]},{\"@type\":\"ImageObject\",\"inLanguage\":\"es\",\"@id\":\"https:\/\/inversorescti.es\/var\/www\/vhosts\/inversorescti.eshttpdocs\/servicios\/#primaryimage\",\"url\":\"https:\/\/inversorescti.es\/var\/www\/vhosts\/inversorescti.eshttpdocs\/wp-content\/uploads\/2025\/09\/alquiler-viviendas-beneficios-fiscales-e1758208454712.png\",\"contentUrl\":\"https:\/\/inversorescti.es\/var\/www\/vhosts\/inversorescti.eshttpdocs\/wp-content\/uploads\/2025\/09\/alquiler-viviendas-beneficios-fiscales-e1758208454712.png\",\"width\":587,\"height\":321},{\"@type\":\"BreadcrumbList\",\"@id\":\"https:\/\/inversorescti.es\/var\/www\/vhosts\/inversorescti.eshttpdocs\/servicios\/#breadcrumb\",\"itemListElement\":[{\"@type\":\"ListItem\",\"position\":1,\"name\":\"Home\",\"item\":\"https:\/\/inversorescti.es\/var\/www\/vhosts\/inversorescti.eshttpdocs\/\"},{\"@type\":\"ListItem\",\"position\":2,\"name\":\"Servicios\"}]},{\"@type\":\"WebSite\",\"@id\":\"https:\/\/inversorescti.es\/var\/www\/vhosts\/inversorescti.eshttpdocs\/#website\",\"url\":\"https:\/\/inversorescti.es\/var\/www\/vhosts\/inversorescti.eshttpdocs\/\",\"name\":\"CTI Inversores\",\"description\":\"\",\"publisher\":{\"@id\":\"https:\/\/inversorescti.es\/var\/www\/vhosts\/inversorescti.eshttpdocs\/#organization\"},\"potentialAction\":[{\"@type\":\"SearchAction\",\"target\":{\"@type\":\"EntryPoint\",\"urlTemplate\":\"https:\/\/inversorescti.es\/var\/www\/vhosts\/inversorescti.eshttpdocs\/?s={search_term_string}\"},\"query-input\":{\"@type\":\"PropertyValueSpecification\",\"valueRequired\":true,\"valueName\":\"search_term_string\"}}],\"inLanguage\":\"es\"},{\"@type\":\"Organization\",\"@id\":\"https:\/\/inversorescti.es\/var\/www\/vhosts\/inversorescti.eshttpdocs\/#organization\",\"name\":\"CTI Inversores\",\"url\":\"https:\/\/inversorescti.es\/var\/www\/vhosts\/inversorescti.eshttpdocs\/\",\"logo\":{\"@type\":\"ImageObject\",\"inLanguage\":\"es\",\"@id\":\"https:\/\/inversorescti.es\/var\/www\/vhosts\/inversorescti.eshttpdocs\/#\/schema\/logo\/image\/\",\"url\":\"https:\/\/inversorescti.es\/var\/www\/vhosts\/inversorescti.eshttpdocs\/wp-content\/uploads\/2025\/09\/7d369379baf1b584f50cdfd37dc743df9e830cef-scaled.png\",\"contentUrl\":\"https:\/\/inversorescti.es\/var\/www\/vhosts\/inversorescti.eshttpdocs\/wp-content\/uploads\/2025\/09\/7d369379baf1b584f50cdfd37dc743df9e830cef-scaled.png\",\"width\":2560,\"height\":998,\"caption\":\"CTI Inversores\"},\"image\":{\"@id\":\"https:\/\/inversorescti.es\/var\/www\/vhosts\/inversorescti.eshttpdocs\/#\/schema\/logo\/image\/\"}}]}<\/script>\n<!-- \/ Yoast SEO plugin. -->","yoast_head_json":{"title":"Nuestros Servicios de Inmobiliaria en Donostia","description":"Nuestros Servicios inmobiliarios En nuestra agencia ubicada en Paseo de Berio, Donostia, ofrecemos una gama completa de servicios inmobiliarios personalizados, pensados para cubrir todas las necesidades de nuestros clientes, ya sean particulares, propietarios o inversores. Te ayudamos a vender tu inmueble, sea un trastero, garaje, piso, local, edificio u hotel. Nos encargamos de todo. Cotiza [&hellip;]","robots":{"index":"index","follow":"follow","max-snippet":"max-snippet:-1","max-image-preview":"max-image-preview:large","max-video-preview":"max-video-preview:-1"},"canonical":"https:\/\/inversorescti.es\/var\/www\/vhosts\/inversorescti.eshttpdocs\/servicios\/","og_locale":"es_ES","og_type":"article","og_title":"Nuestros Servicios de Inmobiliaria en Donostia","og_description":"En nuestra agencia ubicada en Paseo de Berio, Donostia, ofrecemos una gama completa de servicios inmobiliarios personalizados","og_url":"https:\/\/inversorescti.es\/var\/www\/vhosts\/inversorescti.eshttpdocs\/servicios\/","og_site_name":"CTI Inversores","article_modified_time":"2025-10-23T15:18:29+00:00","og_image":[{"width":587,"height":321,"url":"https:\/\/inversorescti.es\/var\/www\/vhosts\/inversorescti.eshttpdocs\/wp-content\/uploads\/2025\/09\/alquiler-viviendas-beneficios-fiscales-e1758208454712.png","type":"image\/png"}],"twitter_card":"summary_large_image","twitter_misc":{"Tiempo de lectura":"6 minutos"},"schema":{"@context":"https:\/\/schema.org","@graph":[{"@type":"WebPage","@id":"https:\/\/inversorescti.es\/var\/www\/vhosts\/inversorescti.eshttpdocs\/servicios\/","url":"https:\/\/inversorescti.es\/var\/www\/vhosts\/inversorescti.eshttpdocs\/servicios\/","name":"Nuestros Servicios de Inmobiliaria en Donostia","isPartOf":{"@id":"https:\/\/inversorescti.es\/var\/www\/vhosts\/inversorescti.eshttpdocs\/#website"},"primaryImageOfPage":{"@id":"https:\/\/inversorescti.es\/var\/www\/vhosts\/inversorescti.eshttpdocs\/servicios\/#primaryimage"},"image":{"@id":"https:\/\/inversorescti.es\/var\/www\/vhosts\/inversorescti.eshttpdocs\/servicios\/#primaryimage"},"thumbnailUrl":"https:\/\/inversorescti.es\/var\/www\/vhosts\/inversorescti.eshttpdocs\/wp-content\/uploads\/2025\/09\/alquiler-viviendas-beneficios-fiscales-e1758208454712.png","datePublished":"2025-09-11T19:13:50+00:00","dateModified":"2025-10-23T15:18:29+00:00","description":"En nuestra agencia ubicada en Paseo de Berio, Donostia, ofrecemos una gama completa de servicios inmobiliarios personalizados","breadcrumb":{"@id":"https:\/\/inversorescti.es\/var\/www\/vhosts\/inversorescti.eshttpdocs\/servicios\/#breadcrumb"},"inLanguage":"es","potentialAction":[{"@type":"ReadAction","target":["https:\/\/inversorescti.es\/var\/www\/vhosts\/inversorescti.eshttpdocs\/servicios\/"]}]},{"@type":"ImageObject","inLanguage":"es","@id":"https:\/\/inversorescti.es\/var\/www\/vhosts\/inversorescti.eshttpdocs\/servicios\/#primaryimage","url":"https:\/\/inversorescti.es\/var\/www\/vhosts\/inversorescti.eshttpdocs\/wp-content\/uploads\/2025\/09\/alquiler-viviendas-beneficios-fiscales-e1758208454712.png","contentUrl":"https:\/\/inversorescti.es\/var\/www\/vhosts\/inversorescti.eshttpdocs\/wp-content\/uploads\/2025\/09\/alquiler-viviendas-beneficios-fiscales-e1758208454712.png","width":587,"height":321},{"@type":"BreadcrumbList","@id":"https:\/\/inversorescti.es\/var\/www\/vhosts\/inversorescti.eshttpdocs\/servicios\/#breadcrumb","itemListElement":[{"@type":"ListItem","position":1,"name":"Home","item":"https:\/\/inversorescti.es\/var\/www\/vhosts\/inversorescti.eshttpdocs\/"},{"@type":"ListItem","position":2,"name":"Servicios"}]},{"@type":"WebSite","@id":"https:\/\/inversorescti.es\/var\/www\/vhosts\/inversorescti.eshttpdocs\/#website","url":"https:\/\/inversorescti.es\/var\/www\/vhosts\/inversorescti.eshttpdocs\/","name":"CTI Inversores","description":"","publisher":{"@id":"https:\/\/inversorescti.es\/var\/www\/vhosts\/inversorescti.eshttpdocs\/#organization"},"potentialAction":[{"@type":"SearchAction","target":{"@type":"EntryPoint","urlTemplate":"https:\/\/inversorescti.es\/var\/www\/vhosts\/inversorescti.eshttpdocs\/?s={search_term_string}"},"query-input":{"@type":"PropertyValueSpecification","valueRequired":true,"valueName":"search_term_string"}}],"inLanguage":"es"},{"@type":"Organization","@id":"https:\/\/inversorescti.es\/var\/www\/vhosts\/inversorescti.eshttpdocs\/#organization","name":"CTI Inversores","url":"https:\/\/inversorescti.es\/var\/www\/vhosts\/inversorescti.eshttpdocs\/","logo":{"@type":"ImageObject","inLanguage":"es","@id":"https:\/\/inversorescti.es\/var\/www\/vhosts\/inversorescti.eshttpdocs\/#\/schema\/logo\/image\/","url":"https:\/\/inversorescti.es\/var\/www\/vhosts\/inversorescti.eshttpdocs\/wp-content\/uploads\/2025\/09\/7d369379baf1b584f50cdfd37dc743df9e830cef-scaled.png","contentUrl":"https:\/\/inversorescti.es\/var\/www\/vhosts\/inversorescti.eshttpdocs\/wp-content\/uploads\/2025\/09\/7d369379baf1b584f50cdfd37dc743df9e830cef-scaled.png","width":2560,"height":998,"caption":"CTI Inversores"},"image":{"@id":"https:\/\/inversorescti.es\/var\/www\/vhosts\/inversorescti.eshttpdocs\/#\/schema\/logo\/image\/"}}]}},"_links":{"self":[{"href":"https:\/\/inversorescti.es\/var\/www\/vhosts\/inversorescti.eshttpdocs\/wp-json\/wp\/v2\/pages\/539","targetHints":{"allow":["GET"]}}],"collection":[{"href":"https:\/\/inversorescti.es\/var\/www\/vhosts\/inversorescti.eshttpdocs\/wp-json\/wp\/v2\/pages"}],"about":[{"href":"https:\/\/inversorescti.es\/var\/www\/vhosts\/inversorescti.eshttpdocs\/wp-json\/wp\/v2\/types\/page"}],"author":[{"embeddable":true,"href":"https:\/\/inversorescti.es\/var\/www\/vhosts\/inversorescti.eshttpdocs\/wp-json\/wp\/v2\/users\/2"}],"replies":[{"embeddable":true,"href":"https:\/\/inversorescti.es\/var\/www\/vhosts\/inversorescti.eshttpdocs\/wp-json\/wp\/v2\/comments?post=539"}],"version-history":[{"count":160,"href":"https:\/\/inversorescti.es\/var\/www\/vhosts\/inversorescti.eshttpdocs\/wp-json\/wp\/v2\/pages\/539\/revisions"}],"predecessor-version":[{"id":1642,"href":"https:\/\/inversorescti.es\/var\/www\/vhosts\/inversorescti.eshttpdocs\/wp-json\/wp\/v2\/pages\/539\/revisions\/1642"}],"wp:attachment":[{"href":"https:\/\/inversorescti.es\/var\/www\/vhosts\/inversorescti.eshttpdocs\/wp-json\/wp\/v2\/media?parent=539"}],"curies":[{"name":"wp","href":"https:\/\/api.w.org\/{rel}","templated":true}]}}